{"id":46,"date":"2025-10-19T17:35:13","date_gmt":"2025-10-19T15:35:13","guid":{"rendered":"http:\/\/gdynia.oswiata-solidarnosc.pl\/?page_id=46"},"modified":"2025-10-23T12:08:42","modified_gmt":"2025-10-23T10:08:42","slug":"informacje","status":"publish","type":"page","link":"https:\/\/gdynia.oswiata-solidarnosc.pl\/?page_id=46","title":{"rendered":"Benefity"},"content":{"rendered":"<div class=\"article-header\">\n<div class=\"article-list articles-leading\">\n<div class=\"article\">\n<div class=\"article-body\">\n<div class=\"article-header\">\n<h2>Program lojalno\u015bciowy MOL Move<\/h2>\n<\/div>\n<div class=\"article-introtext\">\n<p>Oferta skierowana jest do wszystkich cz\u0142onk\u00f3w NSZZ Solidarno\u015b\u0107 posiadaj\u0105cych aktywn\u0105 elektroniczn\u0105 legitymacj\u0119 zwi\u0105zkow\u0105.&nbsp;<br \/>\nJest to kontynuacja wieloletniej, owocnej wsp\u00f3\u0142pracy z LOTOS Paliwa oraz profesjonalnymi i przyjaznymi zespo\u0142ami \u2013 zar\u00f3wno w centrali, jak i na stacjach.<\/p>\n<div class=\"readmore\"><a href=\"https:\/\/solidarnosc.pomorze.pl\/dla-czlonkow\/benefity\/program-lojalnosciowy-mol-move\" aria-label=\"Wi\u0119cej\u2026 Program lojalno\u015bciowy MOL Move \">Czytaj wi\u0119cej: Program lojalno\u015bciowy MOL Move<\/a><\/div>\n<\/div>\n<\/div>\n<\/div>\n<\/div>\n<div class=\"article-list\">\n<div class=\"row row-1 \">\n<div class=\"col-lg-12\">\n<div class=\"article\">\n<div class=\"article-body\">\n<div class=\"article-header\">\n<h2>&nbsp;<\/h2>\n<h2>Oferta wypoczynkowa<\/h2>\n<\/div>\n<div class=\"article-introtext\">\n<p>Region Gda\u0144ski NSZZ &#8222;Solidarno\u015b\u0107&#8221; zawar\u0142 porozumienie z CS Natura Tour sp. z o.o. z Grupy PKP, kt\u00f3re daje pracownikom i cz\u0142onkom Zwi\u0105zku z naszego Regionu mo\u017cliwo\u015b\u0107 korzystania na preferencyjnych warunkach z oferty tej sp\u00f3\u0142ki. Zwi\u0105zkowcy i ich rodziny b\u0119d\u0105 mogli korzysta\u0107 ze zni\u017cek na pobyt w 10 o\u015brodkach turystycznych i trzech centach konferencyjnych rozmieszczonych od Ba\u0142tyku po Tatry.&nbsp;<\/p>\n<div class=\"readmore\"><a href=\"https:\/\/solidarnosc.pomorze.pl\/dla-czlonkow\/benefity\/oferta-wypoczynkowa\" aria-label=\"Wi\u0119cej\u2026 Oferta wypoczynkowa \">Czytaj wi\u0119cej: Oferta wypoczynkowa<\/a><\/div>\n<\/div>\n<\/div>\n<\/div>\n<\/div>\n<div class=\"col-lg-12\">\n<div class=\"article\">\n<div class=\"article-body\">\n<div class=\"article-header\">\n<h2>&nbsp;<\/h2>\n<h2>Bank PeKaO S.A. oferta dla cz\u0142onk\u00f3w<\/h2>\n<\/div>\n<div class=\"article-introtext\">\n<p>Cz\u0142onkowie&nbsp;<strong>NSZZ &#8222;Solidarno\u015b\u0107&#8221;&nbsp;<\/strong>mog\u0105 skorzysta\u0107 ze specjalnej oferty Banku Pekao SA. Warunkiem skorzystania z niej jest przedstawienie legitymacji NSZZ Solidarno\u015b\u0107 w plac\u00f3wce Banku Pekao SA. Zak\u0142ada ona chocia\u017cby darmowe: prowadzenie rachunku p\u0142atniczego, obs\u0142ug\u0119 karty debetowej, czy wyp\u0142aty z obcych bankomat\u00f3w przez 24 miesi\u0105ce od daty zawarcia umowy o kart\u0119. Bank Pekao S.A. przygotowa\u0142 tak\u017ce ofert\u0119 specjaln\u0105 dla organizacji dzia\u0142aj\u0105cych w ramach NSZZ Solidarno\u015b\u0107.<\/p>\n<\/div>\n<\/div>\n<\/div>\n<\/div>\n<div class=\"col-lg-12\">\n<div class=\"article\">\n<div class=\"article-body\">\n<div class=\"article-header\">\n<h2>PZU &#8211; zni\u017cki dla posiadaczy legitymacji<\/h2>\n<\/div>\n<div class=\"article-introtext\">\n<p><strong>28 czerwca 2019&nbsp;r., Piotr Duda, przewodnicz\u0105cy KK NSZZ \u201eS\u201d, Pawe\u0142 Sur\u00f3wka, prezes PZU oraz&nbsp;Micha\u0142 Krupi\u0144ski, prezes Banku Pekao S.A. podpisali porozumienie, dzi\u0119ki kt\u00f3remu&nbsp;cz\u0142onkowie Solidarno\u015bci z&nbsp;elektroniczn\u0105 legitymacj\u0105 mog\u0105 liczy\u0107 na&nbsp;10 proc. zni\u017cki na&nbsp;ubezpieczenia w&nbsp;PZU w&nbsp;ramach programu \u201eKlub PZU Pomoc dla NSZZ Solidarno\u015b\u0107\u201d.<\/strong><\/p>\n<p>Aby uzyska\u0107 dost\u0119p do&nbsp;w\/w programu wystarczy wype\u0142ni\u0107&nbsp;<a title=\"Link otworzy si\u0119 w nowej karcie przegl\u0105darki\" href=\"https:\/\/klubpzupomoc.pzu.pl\/nszz-solidarnosc\" target=\"_blank\" rel=\"noopener\">formularz<\/a>&nbsp;przyst\u0105pienia do&nbsp;Klubu PZU dla NSZZ \u201eSolidarno\u015b\u0107\u201d, a&nbsp;nast\u0119pnie uda\u0107 si\u0119 do&nbsp;agenta PZU SA i&nbsp;przed&nbsp;zawarciem umowy ubezpieczenia poda\u0107 numer PESEL lub numer otrzymanej karty. Agent sprawdzi uprawnienia do&nbsp;zni\u017cki. Po&nbsp;pozytywnej weryfikacji udzieli zni\u017cki.<\/p>\n<div class=\"readmore\"><a href=\"https:\/\/solidarnosc.pomorze.pl\/dla-czlonkow\/benefity\/pzu-znizki-dla-posiadaczy-legitymacji\" aria-label=\"Wi\u0119cej\u2026 PZU - zni\u017cki dla posiadaczy legitymacji\">Czytaj wi\u0119cej: PZU &#8211; zni\u017cki dla posiadaczy legitymacji<\/a><\/div>\n<\/div>\n<\/div>\n<\/div>\n<\/div>\n<div class=\"col-lg-12\">\n<div class=\"article\">\n<div class=\"article-body\">\n<div class=\"article-header\">\n<h2>&nbsp;<\/h2>\n<h2>Progarm VanityStyle<\/h2>\n<\/div>\n<div class=\"article-introtext\">\n<p>Zapraszamy cz\u0142onk\u00f3w NSZZ &#8222;Solidarno\u015b\u0107&#8221; z aktywn\u0105 legitymacj\u0105 do przyst\u0105pienia do programu sportowego.<\/p>\n<p>Zg\u0142oszenia prosimy kierowa\u0107 indywidualnie wy\u0142\u0105cznie drog\u0105 mailow\u0105 na adres&nbsp;<a href=\"mailto:biuro@solidarnosc.pomorze.pl\">biuro@solidarnosc.pomorze.pl<\/a><br \/>\nW tre\u015bci zg\u0142oszenia nale\u017cy poda\u0107 imi\u0119 i nazwisko oraz nazw\u0119 plac\u00f3wki cz\u0142onka NSZZ &#8222;Solidarno\u015b\u0107&#8221;.<br \/>\nDo programu mo\u017cna przyst\u0105pi\u0107 od 1 dnia ka\u017cdego miesi\u0105ca. Warunkiem jest zg\u0142oszenie przez formularz i op\u0142ata karnetu do 20 dnia miesi\u0105ca poprzedzaj\u0105cego.<br \/>\nDost\u0119p do formularza zostanie przes\u0142any drog\u0105 mailow\u0105 po uprzednim zg\u0142oszeniu.<\/p>\n<div class=\"readmore\"><a href=\"https:\/\/solidarnosc.pomorze.pl\/dla-czlonkow\/benefity\/progarm-vanitystyle\" aria-label=\"Wi\u0119cej\u2026 Progarm VanityStyle\">Czytaj wi\u0119cej: Progarm VanityStyle<\/a><\/div>\n<\/div>\n<\/div>\n<\/div>\n<\/div>\n<\/div>\n<\/div>\n<h1>Zni\u017cki paliwowe na stacjach Orlen<\/h1>\n<\/div>\n<div>\n<p>Karta Rabatowa&nbsp; na stacjach&nbsp;<strong>Orlen<\/strong>&nbsp;uprawnia U\u017cytkownika do zakupu paliwa w maksymalnej ilo\u015bci do 300 litr\u00f3w w jednym miesi\u0105cu<br \/>\nkalendarzowym, oraz&nbsp; do otrzymania upustu cenowego na nast\u0119puj\u0105ce produkty i us\u0142ugi:<\/p>\n<p>&#8211; paliwa EFECTA oraz VERVA na Stacjach Paliw PKN ORLEN,<br \/>\n&#8211; myjnia automatyczna oraz odkurzacz,<br \/>\n&#8211; oleje silnikowe oraz p\u0142yny do spryskiwaczy,<br \/>\n&#8211; produkty Stop Cafe.<\/p>\n<p>Karty zni\u017ckowe wyrabiane s\u0105 na wybranych stacjach Orlen, na podstawie legitymacji cz\u0142onkowskiej.<\/p>\n<p>&nbsp;<\/p>\n<p><a href=\"https:\/\/solidarnosc.pomorze.pl\/images\/aktualnosci\/rabaty\/Lista-Stacji-Paliw-ORLEN.pdf\" target=\"_blank\" rel=\"noopener\"><img decoding=\"async\" class=\"float-none lazyloaded\" src=\"https:\/\/solidarnosc.pomorze.pl\/images\/acrobat.gif\" width=\"32\" height=\"32\" data-src=\"https:\/\/solidarnosc.pomorze.pl\/images\/acrobat.gif\">Lista stacji Orlen honoruj\u0105cych kart\u0119 zni\u017ckow\u0105<\/a><\/p>\n<\/div>\n","protected":false},"excerpt":{"rendered":"<p>Program lojalno\u015bciowy MOL Move Oferta skierowana jest do wszystkich cz\u0142onk\u00f3w NSZZ Solidarno\u015b\u0107 posiadaj\u0105cych aktywn\u0105 elektroniczn\u0105 legitymacj\u0119 zwi\u0105zkow\u0105.&nbsp; Jest to kontynuacja wieloletniej, owocnej wsp\u00f3\u0142pracy z LOTOS Paliwa oraz profesjonalnymi i przyjaznymi &hellip; <\/p>\n<p class=\"link-more\"><a href=\"https:\/\/gdynia.oswiata-solidarnosc.pl\/?page_id=46\" class=\"more-link\">Continue reading<span class=\"screen-reader-text\"> &#8222;Benefity&#8221;<\/span><\/a><\/p>\n","protected":false},"author":1,"featured_media":0,"parent":0,"menu_order":0,"comment_status":"closed","ping_status":"closed","template":"","meta":{"ngg_post_thumbnail":0,"footnotes":""},"class_list":["post-46","page","type-page","status-publish","hentry"],"_links":{"self":[{"href":"https:\/\/gdynia.oswiata-solidarnosc.pl\/index.php?rest_route=\/wp\/v2\/pages\/46","targetHints":{"allow":["GET"]}}],"collection":[{"href":"https:\/\/gdynia.oswiata-solidarnosc.pl\/index.php?rest_route=\/wp\/v2\/pages"}],"about":[{"href":"https:\/\/gdynia.oswiata-solidarnosc.pl\/index.php?rest_route=\/wp\/v2\/types\/page"}],"author":[{"embeddable":true,"href":"https:\/\/gdynia.oswiata-solidarnosc.pl\/index.php?rest_route=\/wp\/v2\/users\/1"}],"replies":[{"embeddable":true,"href":"https:\/\/gdynia.oswiata-solidarnosc.pl\/index.php?rest_route=%2Fwp%2Fv2%2Fcomments&post=46"}],"version-history":[{"count":12,"href":"https:\/\/gdynia.oswiata-solidarnosc.pl\/index.php?rest_route=\/wp\/v2\/pages\/46\/revisions"}],"predecessor-version":[{"id":386,"href":"https:\/\/gdynia.oswiata-solidarnosc.pl\/index.php?rest_route=\/wp\/v2\/pages\/46\/revisions\/386"}],"wp:attachment":[{"href":"https:\/\/gdynia.oswiata-solidarnosc.pl\/index.php?rest_route=%2Fwp%2Fv2%2Fmedia&parent=46"}],"curies":[{"name":"wp","href":"https:\/\/api.w.org\/{rel}","templated":true}]}}