{"id":167,"date":"2025-10-21T00:22:32","date_gmt":"2025-10-20T22:22:32","guid":{"rendered":"http:\/\/gdynia.oswiata-solidarnosc.pl\/?page_id=167"},"modified":"2025-12-11T19:24:45","modified_gmt":"2025-12-11T18:24:45","slug":"aktualnosci-2","status":"publish","type":"page","link":"http:\/\/gdynia.oswiata-solidarnosc.pl\/","title":{"rendered":"O nas"},"content":{"rendered":"\t\t<div data-elementor-type=\"wp-page\" data-elementor-id=\"167\" class=\"elementor elementor-167\">\n\t\t\t\t<div class=\"elementor-element elementor-element-7220ebb e-grid e-con-boxed e-con e-parent\" data-id=\"7220ebb\" data-element_type=\"container\">\n\t\t\t\t\t<div class=\"e-con-inner\">\n\t\t\t\t<div class=\"elementor-element elementor-element-b481d21 elementor-widget elementor-widget-image\" data-id=\"b481d21\" data-element_type=\"widget\" data-widget_type=\"image.default\">\n\t\t\t\t\t\t\t\t\t\t\t\t\t\t\t<img decoding=\"async\" width=\"278\" height=\"136\" src=\"http:\/\/gdynia.oswiata-solidarnosc.pl\/wp-content\/uploads\/2025\/10\/reg1.png\" class=\"attachment-medium size-medium wp-image-547\" alt=\"\" \/>\t\t\t\t\t\t\t\t\t\t\t\t\t\t\t<\/div>\n\t\t\t\t<div class=\"elementor-element elementor-element-e92010d elementor-widget elementor-widget-text-editor\" data-id=\"e92010d\" data-element_type=\"widget\" data-widget_type=\"text-editor.default\">\n\t\t\t\t\t\t\t\t\t<p>Niezale\u017cny Samorz\u0105dny Zwi\u0105zek Zawodowy \u201eSolidarno\u015b\u0107\u201d, powo\u0142any w Polsce w wyniku protestu robotniczego i utworzony na podstawie porozumienia zawartego dnia 31 sierpnia 1980 r. w Gda\u0144sku pomi\u0119dzy Mi\u0119dzyzak\u0142adowym Komitetem Strajkowym a Komisj\u0105 Rz\u0105dow\u0105, opieraj\u0105c swoje dzia\u0142ania na gruncie etyki chrze\u015bcija\u0144skiej i katolickiej nauki spo\u0142ecznej, prowadzi dzia\u0142alno\u015b\u0107 w zakresie obrony godno\u015bci, praw i interes\u00f3w pracowniczych cz\u0142onk\u00f3w Zwi\u0105zku oraz realizacji ich potrzeb materialnych, spo\u0142ecznych i kulturalnych.<\/p>\t\t\t\t\t\t\t\t<\/div>\n\t\t\t\t\t<\/div>\n\t\t\t\t<\/div>\n\t\t<div class=\"elementor-element elementor-element-64f2805 e-grid e-con-boxed e-con e-parent\" data-id=\"64f2805\" data-element_type=\"container\">\n\t\t\t\t\t<div class=\"e-con-inner\">\n\t\t\t\t<div class=\"elementor-element elementor-element-d6ddec0 elementor-widget elementor-widget-text-editor\" data-id=\"d6ddec0\" data-element_type=\"widget\" data-widget_type=\"text-editor.default\">\n\t\t\t\t\t\t\t\t\t<p><span style=\"text-decoration: underline;\"><strong>Z nami z<\/strong><strong>organizujesz Zwi\u0105zek<\/strong><\/span><br \/>Region Gda\u0144ski NSZZ \u201eSolidarno\u015b\u0107\u201d wspiera pracownik\u00f3w, kt\u00f3rzy chc\u0105 zorganizowa\u0107 si\u0119 w zwi\u0105zku zawodowym i za\u0142o\u017cy\u0107 organizacj\u0119 zak\u0142adow\u0105 NSZZ \u201eSolidarno\u015b\u0107\u201d. Oferuje im wsparcie merytoryczne, pomoc w dope\u0142nieniu formalno\u015bci zwi\u0105zanych z tworzeniem nowej organizacji, a tak\u017ce pomoc prawn\u0105.<\/p><p><span style=\"text-decoration: underline;\"><strong>Zostaniesz profesjonalnym zwi\u0105zkowcem<\/strong><\/span><br \/>Co roku odbywa si\u0119 ok. 50 szkole\u0144 dla dzia\u0142aczy organizacji zak\u0142adowych \u201eSolidarno\u015bci\u201d. Szkolenia dotycz\u0105 m.in. Kodeksu pracy, prowadzenia negocjacji z pracodawc\u0105, przeprowadzania wybor\u00f3w w zwi\u0105zku, pracy zwi\u0105zkowych komisji rewizyjnych, skarbnik\u00f3w czy podstawowej obs\u0142ugi komputera.<\/p><p><span style=\"text-decoration: underline;\"><strong>Uzyskasz bezp\u0142atn\u0105 pomoc prawn\u0105<\/strong><\/span><br \/>Zesp\u00f3\u0142 zwi\u0105zkowych prawnik\u00f3w udziela co roku kilku tysi\u0119cy porad dotycz\u0105cych bie\u017c\u0105cej dzia\u0142alno\u015bci organizacji zak\u0142adowych, z zakresu prawa pracy, trybu rozwi\u0105zywania spor\u00f3w zbiorowych i negocjacji z pracodawc\u0105. Cz\u0142onkowie zwi\u0105zku mog\u0105 r\u00f3wnie\u017c otrzyma\u0107 bezp\u0142atn\u0105 pomoc prawn\u0105 w sprawach osobistych.<\/p><p><span style=\"text-decoration: underline;\"><strong>Zdob\u0119dziesz nowe kwalifikacje<\/strong><\/span><br \/>Ju\u017c oko\u0142o 5 tys. os\u00f3b wzi\u0119\u0142o udzia\u0142 w szkoleniach realizowanych w ramach projekt\u00f3w europejskich, w kt\u00f3rych Region Gda\u0144ski NSZZ \u201eSolidarno\u015b\u0107\u201d by\u0142 liderem lub partnerem. Obecnie trwaj\u0105 szkolenia pomagaj\u0105ce w podwy\u017cszeniu kwalifikacji zawodowych, przekwalifikowaniu si\u0119 i zdobyciu nowego zawodu.<\/p><p><span style=\"text-decoration: underline;\"><strong>Zdob\u0119dziesz cenne informacje<\/strong><\/span><br \/>Region Gda\u0144ski jest wydawc\u0105 \u201eMagazynu Solidarno\u015b\u0107\u201d, miesi\u0119cznika ukazuj\u0105cego si\u0119 od 1994 roku, obecnie w nak\u0142adzie 8 tys. egzemplarzy. Co tydzie\u0144 do oko\u0142o 2 tys. odbiorc\u00f3w rozsy\u0142any jest Internetowy Biuletyn Informacyjny \u201eSolidarno\u015bci\u201d (IBIS).<\/p>\t\t\t\t\t\t\t\t<\/div>\n\t\t\t\t<div class=\"elementor-element elementor-element-af739e6 elementor-widget elementor-widget-image\" data-id=\"af739e6\" data-element_type=\"widget\" data-widget_type=\"image.default\">\n\t\t\t\t\t\t\t\t\t\t\t\t\t\t\t<img fetchpriority=\"high\" decoding=\"async\" width=\"635\" height=\"576\" src=\"http:\/\/gdynia.oswiata-solidarnosc.pl\/wp-content\/uploads\/2025\/12\/region1.png\" class=\"attachment-large size-large wp-image-695\" alt=\"\" srcset=\"http:\/\/gdynia.oswiata-solidarnosc.pl\/wp-content\/uploads\/2025\/12\/region1.png 635w, http:\/\/gdynia.oswiata-solidarnosc.pl\/wp-content\/uploads\/2025\/12\/region1-300x272.png 300w\" sizes=\"(max-width: 635px) 100vw, 635px\" \/>\t\t\t\t\t\t\t\t\t\t\t\t\t\t\t<\/div>\n\t\t\t\t\t<\/div>\n\t\t\t\t<\/div>\n\t\t<div class=\"elementor-element elementor-element-3980e9f e-grid e-con-boxed e-con e-parent\" data-id=\"3980e9f\" data-element_type=\"container\">\n\t\t\t\t\t<div class=\"e-con-inner\">\n\t\t\t\t<div class=\"elementor-element elementor-element-fa8bde3 elementor-widget elementor-widget-image\" data-id=\"fa8bde3\" data-element_type=\"widget\" data-widget_type=\"image.default\">\n\t\t\t\t\t\t\t\t\t\t\t\t\t\t\t<img decoding=\"async\" width=\"225\" height=\"225\" src=\"http:\/\/gdynia.oswiata-solidarnosc.pl\/wp-content\/uploads\/2025\/12\/itakwygr.png\" class=\"attachment-large size-large wp-image-696\" alt=\"\" srcset=\"http:\/\/gdynia.oswiata-solidarnosc.pl\/wp-content\/uploads\/2025\/12\/itakwygr.png 225w, http:\/\/gdynia.oswiata-solidarnosc.pl\/wp-content\/uploads\/2025\/12\/itakwygr-150x150.png 150w\" sizes=\"(max-width: 225px) 100vw, 225px\" \/>\t\t\t\t\t\t\t\t\t\t\t\t\t\t\t<\/div>\n\t\t\t\t<div class=\"elementor-element elementor-element-63fed49 elementor-widget elementor-widget-text-editor\" data-id=\"63fed49\" data-element_type=\"widget\" data-widget_type=\"text-editor.default\">\n\t\t\t\t\t\t\t\t\t<p>Dlaczego warto?<br \/><span style=\"text-decoration: underline;\">5 powod\u00f3w, dla kt\u00f3rych warto jest wst\u0105pi\u0107 do zwi\u0105zku zawodowego\u00a0 i przy\u0142\u0105czy\u0107 si\u0119 do NSZZ Solidarno\u015b<\/span>\u0107:<\/p><p>Pomoc silnej grupy w razie problem\u00f3w w pracy.<br \/>Wi\u0119ksza mo\u017cliwo\u015b\u0107 wynegocjowanie lepszych warunk\u00f3w pracy, b\u0105d\u017a podwy\u017cki<br \/>Pomoc w razie dyskryminacji, przemocy, czy te\u017c niesprawiedliwego traktowania.<br \/>Mo\u017cliwo\u015b\u0107 pomocy innym pracownikom.<br \/>Mo\u017cliwo\u015b\u0107 skorzystania z porad ekspert\u00f3w dzia\u0142aj\u0105cych w zwi\u0105zku, a tak\u017ce prawnik\u00f3w.<\/p>\t\t\t\t\t\t\t\t<\/div>\n\t\t\t\t\t<\/div>\n\t\t\t\t<\/div>\n\t\t\t\t<\/div>\n\t\t","protected":false},"excerpt":{"rendered":"<p>Niezale\u017cny Samorz\u0105dny Zwi\u0105zek Zawodowy \u201eSolidarno\u015b\u0107\u201d, powo\u0142any w Polsce w wyniku protestu robotniczego i utworzony na podstawie porozumienia zawartego dnia 31 sierpnia 1980 r. w Gda\u0144sku pomi\u0119dzy Mi\u0119dzyzak\u0142adowym Komitetem Strajkowym a &hellip; <\/p>\n<p class=\"link-more\"><a href=\"http:\/\/gdynia.oswiata-solidarnosc.pl\/\" class=\"more-link\">Continue reading<span class=\"screen-reader-text\"> &#8222;O nas&#8221;<\/span><\/a><\/p>\n","protected":false},"author":1,"featured_media":0,"parent":0,"menu_order":0,"comment_status":"closed","ping_status":"closed","template":"","meta":{"ngg_post_thumbnail":0,"footnotes":""},"class_list":["post-167","page","type-page","status-publish","hentry"],"_links":{"self":[{"href":"http:\/\/gdynia.oswiata-solidarnosc.pl\/index.php?rest_route=\/wp\/v2\/pages\/167","targetHints":{"allow":["GET"]}}],"collection":[{"href":"http:\/\/gdynia.oswiata-solidarnosc.pl\/index.php?rest_route=\/wp\/v2\/pages"}],"about":[{"href":"http:\/\/gdynia.oswiata-solidarnosc.pl\/index.php?rest_route=\/wp\/v2\/types\/page"}],"author":[{"embeddable":true,"href":"http:\/\/gdynia.oswiata-solidarnosc.pl\/index.php?rest_route=\/wp\/v2\/users\/1"}],"replies":[{"embeddable":true,"href":"http:\/\/gdynia.oswiata-solidarnosc.pl\/index.php?rest_route=%2Fwp%2Fv2%2Fcomments&post=167"}],"version-history":[{"count":109,"href":"http:\/\/gdynia.oswiata-solidarnosc.pl\/index.php?rest_route=\/wp\/v2\/pages\/167\/revisions"}],"predecessor-version":[{"id":699,"href":"http:\/\/gdynia.oswiata-solidarnosc.pl\/index.php?rest_route=\/wp\/v2\/pages\/167\/revisions\/699"}],"wp:attachment":[{"href":"http:\/\/gdynia.oswiata-solidarnosc.pl\/index.php?rest_route=%2Fwp%2Fv2%2Fmedia&parent=167"}],"curies":[{"name":"wp","href":"https:\/\/api.w.org\/{rel}","templated":true}]}}